{"id":33,"date":"2019-09-26T10:02:45","date_gmt":"2019-09-26T08:02:45","guid":{"rendered":"http:\/\/danses-occitanes-tournefeuille.fr\/?page_id=33"},"modified":"2025-08-27T20:52:59","modified_gmt":"2025-08-27T18:52:59","slug":"presentation-2","status":"publish","type":"page","link":"https:\/\/danses-occitanes-tournefeuille.fr\/?page_id=33","title":{"rendered":"Pr\u00e9sentation"},"content":{"rendered":"\n<p><\/p>\n\n\n\n<p class=\"has-text-align-center\" style=\"font-size:26px\">Saison 2025-2026<\/p>\n\n\n\n<p><\/p>\n\n\n\n<p>A la demande des adh\u00e9rents notre activit\u00e9 s&rsquo;intensifie, par rapport aux saisons derni\u00e8res, dans le domaine des danses occitanes et des danses de bal  : c&rsquo;est maintenant 2 ateliers par mois qui sont propos\u00e9s.<\/p>\n\n\n\n<p>Le club reste scind\u00e9 en 4 sections et un atelier mensuel (2 pour les danses occitanes &#8211; danses de bal) pour chacune d\u2019elles d\u2019une dur\u00e9e de 2h o\u00f9 2h30 le mardi entre 20h30 et 22h30 ou 23h:<\/p>\n\n\n\n<ul class=\"wp-block-list\">\n<li>danses occitanes, danses de bal,<\/li>\n\n\n\n<li>danses du Levant (Bal\u00e9ares, pays valencian,..)<\/li>\n\n\n\n<li>sardanes,<\/li>\n\n\n\n<li>danses d&rsquo;ailleurs  (Italie, Gr\u00e8ce, Balkans, Irlande, Isra\u00ebl..)<\/li>\n<\/ul>\n\n\n\n<p>La vocation du club reste d&rsquo;enseigner \u00e0 ceux qui aiment la danse traditionnelle toutes ces danses qui constituent un patrimoine d&rsquo;une richesse insoup\u00e7onn\u00e9e.<\/p>\n\n\n\n<p>Nos adh\u00e9rents sont pour certains des danseurs confirm\u00e9s, d\u2019autres des d\u00e9butants; c\u2019est le plaisir de la danse \u00e0 d\u00e9couvrir et \u00e0 pratiquer qui les r\u00e9unit.<\/p>\n\n\n\n<p>Tous nos ateliers sont dirig\u00e9s par des animateurs aux comp\u00e9tences reconnues:<\/p>\n\n\n\n<ul class=\"wp-block-list\">\n<li>Fran\u00e7oise  Farenc et C\u00e9line Bouillaud pour les danses occitanes le 2 i\u00e8me et le 4 i\u00e8me mardi du mois.<\/li>\n\n\n\n<li>Evelyne Desclaux aid\u00e9e de Christian Baron pour les danses du Levant le 3 i\u00e8me mardi du mois,<\/li>\n\n\n\n<li>Bernadette Marescaux pour les Sardanes le 1er mardi du mois,<\/li>\n\n\n\n<li>divers animateurs bien connus sur Toulouse et sa r\u00e9gion pour les soir\u00e9es d\u2019initiation aux danses d&rsquo;ailleurs qui ont lieu soit le mardi soit le samedi.<\/li>\n<\/ul>\n\n\n\n<p>En fonction des vacances scolaires ce calendrier pourra \u00e9voluer.<\/p>\n\n\n\n<p>Vous trouverez votre bonheur parmi les 4 ateliers que nous proposons:<\/p>\n\n\n\n<ul class=\"wp-block-list\">\n<li>L\u2019atelier de danses occitanes\/danses de bal enseigne les nombreuses danses que l\u2019on retrouve dans les bals traditionnels presque partout en France: scottish, polka, valses, cercle circassien&#8230;, et celles plus sp\u00e9cifiques \u00e0 notre r\u00e9gion : rondeaux, bourr\u00e9es, sauts b\u00e9armais\u2026<\/li>\n<\/ul>\n\n\n\n<ul class=\"wp-block-list\">\n<li>L\u2019atelier des danses du Levant est une formidable ouverture vers tout le nord de l\u2019Espagne (Catalogne, pays valencian, Bal\u00e9ares). Sur des musiques enjou\u00e9es on y apprend la jota, le fandango, la s\u00e9gu\u00e9dille et m\u00eame la mazurka (version majorquine bien entendu)<\/li>\n<\/ul>\n\n\n\n<ul class=\"wp-block-list\">\n<li>La section Sardane permet d\u2019apprendre ou de se perfectionner dans la pratique de la Sardane, danse embl\u00e9matique de la Catalogne. L\u2019objectif est de permettre aux danseurs de rentrer dans une ronde en pays catalan, en connaissant les r\u00e8gles \u00e0 respecter pour profiter au mieux de la musique et de l\u2019ambiance.<\/li>\n<\/ul>\n\n\n\n<ul class=\"wp-block-list\">\n<li>Enfin nos soir\u00e9es initiation vous feront d\u00e9couvrir des horizons nouveaux: Bretagne, Flandres, Irlande, Ecosse, Balkans, Italie&#8230; Ils vous permettrons m\u00eame de pratiquer plus tard lors des Fest-noz breton ou les bals irlandais qui se d\u00e9roulent en r\u00e9gion Toulousaine.<\/li>\n<\/ul>\n\n\n\n<p>Une demi-douzaine de fois dans l\u2019ann\u00e9e, des stages permettent l\u2019apprentissage d\u00e9taill\u00e9 d\u2019une ou d\u2019un type de danse.<\/p>\n\n\n\n<p>Un vendredi par trimestre, un bal trad ouvert \u00e0 tous (y compris les non-adh\u00e9rents) r\u00e9unit de nombreux pratiquants \u00ab\u00a0jeunes et moins jeunes\u00a0\u00bb&nbsp;autour d&rsquo;excellents groupes musicaux bien connus. L&rsquo;\u00e9v\u00e8nement se d\u00e9roule en g\u00e9n\u00e9ral au Foyer des ain\u00e9s, derri\u00e8re la mairie de Tournefeuille. Vous pourrez venir danser \u00e0 perdre haleine dans une belle salle avec parquet et surtout dans une ambiance conviviale jusqu&rsquo;\u00e0 00h30; puis vous pourrez rentrer sur Toulouse par le dernier bus qui vous am\u00e8nera aux Ar\u00e8nes pour toutes autres destinations..<\/p>\n\n\n\n<p>Une fois par mois le Vendredi quand il n\u2019y a pas bal, le club organise une soir\u00e9e autour d\u2019une danse traditionnelle sp\u00e9cifique (par exemple fandango ou sauts b\u00e9arnais,..) sous la forme d\u2019une initiation d\u2019une dur\u00e9e d\u20191h environ suivie d\u2019une mise en pratique anim\u00e9 par le groupe maison Tournefeuille Trad Band (TTB)<\/p>\n\n\n\n<p>Les danseurs se retrouve \u00e9galement de fa\u00e7on informelle dans les diff\u00e9rents manifestations (bals, stages) qui sont organis\u00e9s dans la r\u00e9gion toulousaine.<\/p>\n\n\n\n<p>Enfin, et bien que notre association n\u2019ait pas vocation \u00e0 se produire sur sc\u00e8ne, il nous arrive d\u2019endosser le costume traditionnel de la r\u00e9gion, et de danser en public, soit pour \u00e9gayer une maison de retraite, soit pour animer le march\u00e9 de Tournefeuille soit encore pour nous faire conna\u00eetre aupr\u00e8s du public dans des manifestations comme le forum des associations ou la f\u00eate de la musique.<\/p>\n\n\n\n<p class=\"has-light-blue-background-color has-background has-medium-font-size\">Alors n\u2019h\u00e9sitez pas \u00e0 vous joindre \u00e0 nous, vous serez chaleureusement accueillis !<\/p>\n","protected":false},"excerpt":{"rendered":"<p>Saison 2025-2026 A la demande des adh\u00e9rents notre activit\u00e9 s&rsquo;intensifie, par rapport aux saisons derni\u00e8res, dans le domaine des danses occitanes et des danses de bal : c&rsquo;est maintenant 2 ateliers par mois qui sont propos\u00e9s. Le club reste scind\u00e9 en 4 sections et un atelier mensuel (2 pour les danses occitanes &#8211; danses de &hellip; <a href=\"https:\/\/danses-occitanes-tournefeuille.fr\/?page_id=33\" class=\"more-link\">Continuer la lecture<span class=\"screen-reader-text\"> de &laquo;&nbsp;Pr\u00e9sentation&nbsp;&raquo;<\/span><\/a><\/p>\n","protected":false},"author":1,"featured_media":0,"parent":0,"menu_order":0,"comment_status":"closed","ping_status":"closed","template":"","meta":{"footnotes":""},"class_list":["post-33","page","type-page","status-publish","hentry"],"_links":{"self":[{"href":"https:\/\/danses-occitanes-tournefeuille.fr\/index.php?rest_route=\/wp\/v2\/pages\/33","targetHints":{"allow":["GET"]}}],"collection":[{"href":"https:\/\/danses-occitanes-tournefeuille.fr\/index.php?rest_route=\/wp\/v2\/pages"}],"about":[{"href":"https:\/\/danses-occitanes-tournefeuille.fr\/index.php?rest_route=\/wp\/v2\/types\/page"}],"author":[{"embeddable":true,"href":"https:\/\/danses-occitanes-tournefeuille.fr\/index.php?rest_route=\/wp\/v2\/users\/1"}],"replies":[{"embeddable":true,"href":"https:\/\/danses-occitanes-tournefeuille.fr\/index.php?rest_route=%2Fwp%2Fv2%2Fcomments&post=33"}],"version-history":[{"count":16,"href":"https:\/\/danses-occitanes-tournefeuille.fr\/index.php?rest_route=\/wp\/v2\/pages\/33\/revisions"}],"predecessor-version":[{"id":1592,"href":"https:\/\/danses-occitanes-tournefeuille.fr\/index.php?rest_route=\/wp\/v2\/pages\/33\/revisions\/1592"}],"wp:attachment":[{"href":"https:\/\/danses-occitanes-tournefeuille.fr\/index.php?rest_route=%2Fwp%2Fv2%2Fmedia&parent=33"}],"curies":[{"name":"wp","href":"https:\/\/api.w.org\/{rel}","templated":true}]}}