{"id":22,"date":"2019-09-26T09:40:46","date_gmt":"2019-09-26T07:40:46","guid":{"rendered":"http:\/\/danses-occitanes-tournefeuille.fr\/?page_id=22"},"modified":"2025-09-04T22:49:30","modified_gmt":"2025-09-04T20:49:30","slug":"tarifs-2019-2020","status":"publish","type":"page","link":"https:\/\/danses-occitanes-tournefeuille.fr\/?page_id=22","title":{"rendered":"Tarifs 2025-2026"},"content":{"rendered":"\n<p>Tarif annuel:<\/p>\n\n\n\n<figure class=\"wp-block-table aligncenter is-style-stripes\"><table><tbody><tr><td>Nombre<br>d&rsquo;activit\u00e9s<\/td><td> 1<\/td><td> 2<\/td><td> 3<\/td><td> 4<\/td><td>Soir\u00e9es initiation<br>(tarif ext\u00e9rieur)<\/td><td>Membre<br>Bienfaiteur<\/td><\/tr><tr><td>Personne seule<br>Tarif normal<\/td><td>40 \u20ac<\/td><td>50 \u20ac<\/td><td>60 \u20ac<\/td><td>70 \u20ac<\/td><td>    5 \u20ac\/soir\u00e9e<\/td><td>20 \u20ac<\/td><\/tr><tr><td>Personne seule<br>Tarif r\u00e9duit<\/td><td>30 \u20ac<\/td><td>35 \u20ac<\/td><td>45 \u20ac<\/td><td>50 \u20ac<\/td><td>    3 \u20ac\/soir\u00e9e<\/td><td>20 \u20ac<\/td><\/tr><tr><td>Couple<br>Tarif normal<\/td><td>70 \u20ac<\/td><td>90 \u20ac<\/td><td>110 \u20ac<\/td><td>130 \u20ac<\/td><td>Pas de r\u00e9duction<\/td><td>30 \u20ac<\/td><\/tr><\/tbody><\/table><\/figure>\n\n\n\n<p>Activit\u00e9s:<\/p>\n\n\n\n<ul class=\"wp-block-list\">\n<li>Trad\/occitan<\/li>\n\n\n\n<li>Danses du Levant<\/li>\n\n\n\n<li>Sardanes<\/li>\n\n\n\n<li>Soir\u00e9es initiation danses d&rsquo;Ailleurs<\/li>\n<\/ul>\n\n\n\n<p>Tarif r\u00e9duit: \u00c9tudiant et demandeurs d&#8217;emploi<\/p>\n","protected":false},"excerpt":{"rendered":"<p>Tarif annuel: Nombred&rsquo;activit\u00e9s 1 2 3 4 Soir\u00e9es initiation(tarif ext\u00e9rieur) MembreBienfaiteur Personne seuleTarif normal 40 \u20ac 50 \u20ac 60 \u20ac 70 \u20ac 5 \u20ac\/soir\u00e9e 20 \u20ac Personne seuleTarif r\u00e9duit 30 \u20ac 35 \u20ac 45 \u20ac 50 \u20ac 3 \u20ac\/soir\u00e9e 20 \u20ac CoupleTarif normal 70 \u20ac 90 \u20ac 110 \u20ac 130 \u20ac Pas de r\u00e9duction 30 &hellip; <a href=\"https:\/\/danses-occitanes-tournefeuille.fr\/?page_id=22\" class=\"more-link\">Continuer la lecture<span class=\"screen-reader-text\"> de &laquo;&nbsp;Tarifs 2025-2026&nbsp;&raquo;<\/span><\/a><\/p>\n","protected":false},"author":1,"featured_media":0,"parent":0,"menu_order":0,"comment_status":"closed","ping_status":"closed","template":"","meta":{"footnotes":""},"class_list":["post-22","page","type-page","status-publish","hentry"],"_links":{"self":[{"href":"https:\/\/danses-occitanes-tournefeuille.fr\/index.php?rest_route=\/wp\/v2\/pages\/22","targetHints":{"allow":["GET"]}}],"collection":[{"href":"https:\/\/danses-occitanes-tournefeuille.fr\/index.php?rest_route=\/wp\/v2\/pages"}],"about":[{"href":"https:\/\/danses-occitanes-tournefeuille.fr\/index.php?rest_route=\/wp\/v2\/types\/page"}],"author":[{"embeddable":true,"href":"https:\/\/danses-occitanes-tournefeuille.fr\/index.php?rest_route=\/wp\/v2\/users\/1"}],"replies":[{"embeddable":true,"href":"https:\/\/danses-occitanes-tournefeuille.fr\/index.php?rest_route=%2Fwp%2Fv2%2Fcomments&post=22"}],"version-history":[{"count":14,"href":"https:\/\/danses-occitanes-tournefeuille.fr\/index.php?rest_route=\/wp\/v2\/pages\/22\/revisions"}],"predecessor-version":[{"id":1604,"href":"https:\/\/danses-occitanes-tournefeuille.fr\/index.php?rest_route=\/wp\/v2\/pages\/22\/revisions\/1604"}],"wp:attachment":[{"href":"https:\/\/danses-occitanes-tournefeuille.fr\/index.php?rest_route=%2Fwp%2Fv2%2Fmedia&parent=22"}],"curies":[{"name":"wp","href":"https:\/\/api.w.org\/{rel}","templated":true}]}}