{"id":2,"date":"2019-09-23T21:56:47","date_gmt":"2019-09-23T19:56:47","guid":{"rendered":"http:\/\/danses-occitanes-tournefeuille.fr\/?page_id=2"},"modified":"2025-08-27T20:33:10","modified_gmt":"2025-08-27T18:33:10","slug":"page-d-exemple","status":"publish","type":"page","link":"https:\/\/danses-occitanes-tournefeuille.fr\/?page_id=2","title":{"rendered":"Calendrier"},"content":{"rendered":"\n\n<p>Voici le calendrier complet de nos activit\u00e9s.<\/p>\n<p>Vous pouvez l&rsquo;afficher de mani\u00e8re classique ou en liste en s\u00e9lectionnant \u00ab\u00a0planning\u00a0\u00bb dans le menu d\u00e9roulant situ\u00e9 en haut \u00e0 droite.<\/p>\n<p>Nota : les \u00e9v\u00e8nements not\u00e9s \u00ab\u00a0\u00e9v\u00e8nements priv\u00e9s\u00a0\u00bb sont exclusivement r\u00e9serv\u00e9s au membres du club \u00e0 jour de leur cotisation ou aux personnes nominativement invit\u00e9es.<\/p>\n\n\n\n\n<p><a href=\"https:\/\/calendar.google.com\/calendar\/embed?src=clubdansesdoccitanie%40gmail.com&amp;ctz=Europe%2FParis\">Plein \u00e9cran<\/a><\/p>\n\n\n<pre class=\"wp-block-code\"><code><\/code><\/pre>\n\n\n\n<p><\/p>\n","protected":false},"excerpt":{"rendered":"<p>Voici le calendrier complet de nos activit\u00e9s. Vous pouvez l&rsquo;afficher de mani\u00e8re classique ou en liste en s\u00e9lectionnant \u00ab\u00a0planning\u00a0\u00bb dans le menu d\u00e9roulant situ\u00e9 en haut \u00e0 droite. Nota : les \u00e9v\u00e8nements not\u00e9s \u00ab\u00a0\u00e9v\u00e8nements priv\u00e9s\u00a0\u00bb sont exclusivement r\u00e9serv\u00e9s au membres du club \u00e0 jour de leur cotisation ou aux personnes nominativement invit\u00e9es. Plein \u00e9cran<\/p>\n","protected":false},"author":1,"featured_media":0,"parent":0,"menu_order":0,"comment_status":"closed","ping_status":"open","template":"","meta":{"footnotes":""},"class_list":["post-2","page","type-page","status-publish","hentry"],"_links":{"self":[{"href":"https:\/\/danses-occitanes-tournefeuille.fr\/index.php?rest_route=\/wp\/v2\/pages\/2","targetHints":{"allow":["GET"]}}],"collection":[{"href":"https:\/\/danses-occitanes-tournefeuille.fr\/index.php?rest_route=\/wp\/v2\/pages"}],"about":[{"href":"https:\/\/danses-occitanes-tournefeuille.fr\/index.php?rest_route=\/wp\/v2\/types\/page"}],"author":[{"embeddable":true,"href":"https:\/\/danses-occitanes-tournefeuille.fr\/index.php?rest_route=\/wp\/v2\/users\/1"}],"replies":[{"embeddable":true,"href":"https:\/\/danses-occitanes-tournefeuille.fr\/index.php?rest_route=%2Fwp%2Fv2%2Fcomments&post=2"}],"version-history":[{"count":18,"href":"https:\/\/danses-occitanes-tournefeuille.fr\/index.php?rest_route=\/wp\/v2\/pages\/2\/revisions"}],"predecessor-version":[{"id":1590,"href":"https:\/\/danses-occitanes-tournefeuille.fr\/index.php?rest_route=\/wp\/v2\/pages\/2\/revisions\/1590"}],"wp:attachment":[{"href":"https:\/\/danses-occitanes-tournefeuille.fr\/index.php?rest_route=%2Fwp%2Fv2%2Fmedia&parent=2"}],"curies":[{"name":"wp","href":"https:\/\/api.w.org\/{rel}","templated":true}]}}